{"id":415,"date":"2019-11-11T08:40:33","date_gmt":"2019-11-11T08:40:33","guid":{"rendered":"https:\/\/demo.casethemes.net\/consultio-corporate1\/?page_id=415"},"modified":"2022-10-19T10:05:02","modified_gmt":"2022-10-19T08:05:02","slug":"portfolio-grid","status":"publish","type":"page","link":"https:\/\/solutiontelecom.net\/index.php\/portfolio-grid\/","title":{"rendered":"Produits"},"content":{"rendered":"\t\t<div data-elementor-type=\"wp-page\" data-elementor-id=\"415\" class=\"elementor elementor-415\">\n\t\t\t\t\t\t\t        <section class=\"elementor-section elementor-top-section elementor-element elementor-element-934d137 elementor-section-content-middle elementor-section-boxed elementor-section-height-default elementor-section-height-default ct-header-fixed-none\" data-id=\"934d137\" data-element_type=\"section\">\n            \n                        <div class=\"elementor-container elementor-column-gap-extended \">\n                    <div class=\"elementor-column elementor-col-50 elementor-top-column elementor-element elementor-element-b2993d5\" data-id=\"b2993d5\" data-element_type=\"column\">\n            <div class=\"elementor-widget-wrap elementor-element-populated\">\n                        \t\t<div class=\"elementor-element elementor-element-d7e414a elementor-widget elementor-widget-ct_heading\" data-id=\"d7e414a\" data-element_type=\"widget\" data-widget_type=\"ct_heading.default\">\n\t\t\t\t<div class=\"elementor-widget-container\">\n\t\t\t<div class=\"ct-heading h-align-  sub- ct-heading-left item-st-line-left1\">\r\n\t    <h3 class=\"item--title st-line-left1 \" data-wow-delay=\"ms\">\r\n                <span class=\"sp-main\">\r\n                            <i><\/i>\r\n            \r\n            Nos produits\r\n            \r\n                    <\/span>\r\n            <\/h3>\r\n<\/div>\t\t<\/div>\n\t\t\t\t<\/div>\n\t\t            <\/div>\n        <\/div>\n                <div class=\"elementor-column elementor-col-50 elementor-top-column elementor-element elementor-element-c5cb0c2\" data-id=\"c5cb0c2\" data-element_type=\"column\">\n            <div class=\"elementor-widget-wrap\">\n                                    <\/div>\n        <\/div>\n                            <\/div>\n        <\/section>\n                <section class=\"elementor-section elementor-top-section elementor-element elementor-element-228c27a elementor-section-boxed elementor-section-height-default elementor-section-height-default ct-header-fixed-none\" data-id=\"228c27a\" data-element_type=\"section\">\n            \n                        <div class=\"elementor-container elementor-column-gap-extended \">\n                    <div class=\"elementor-column elementor-col-100 elementor-top-column elementor-element elementor-element-cf73b30\" data-id=\"cf73b30\" data-element_type=\"column\">\n            <div class=\"elementor-widget-wrap elementor-element-populated\">\n                        \t\t<div class=\"elementor-element elementor-element-7856011 elementor-widget elementor-widget-ct_portfolio_grid\" data-id=\"7856011\" data-element_type=\"widget\" data-widget_type=\"ct_portfolio_grid.default\">\n\t\t\t\t<div class=\"elementor-widget-container\">\n\t\t\t\r\n<div id=\"ct_portfolio_grid-7856011\" class=\"ct-grid ct-portfolio-grid3\" data-layout=\"masonry\" data-start-page=\"1\" data-max-pages=\"1\" data-total=\"5\" data-perpage=\"12\" data-next-link=\"\">\r\n    <div class=\"ct-grid-overlay\"><\/div>\r\n            <div class=\"grid-filter-wrap\">\r\n            <span class=\"filter-item active\" data-filter=\"*\">Touts<\/span>\r\n                                                            \r\n                <span class=\"filter-item\" data-filter=\".securite-electronique\">\r\n                    S\u00e9curit\u00e9 Electronique                <\/span>\r\n                                                            \r\n                <span class=\"filter-item\" data-filter=\".securite-informatique\">\r\n                    S\u00e9curit\u00e9 Informatique                <\/span>\r\n                                                            \r\n                <span class=\"filter-item\" data-filter=\".solutions-gsm\">\r\n                    Solutions GSM                <\/span>\r\n                                                            \r\n                <span class=\"filter-item\" data-filter=\".solutions-telecoms\">\r\n                    Solutions T\u00e9l\u00e9coms                <\/span>\r\n                                                            \r\n                <span class=\"filter-item\" data-filter=\".video-surveillance\">\r\n                    Vid\u00e9o Surveillance                <\/span>\r\n                    <\/div>\r\n    \r\n    <div class=\"ct-grid-inner ct-grid-masonry row animate-time\" data-gutter=\"15\">\r\n                        <div class=\"grid-item col-xl-3 col-lg-3 col-md-6 col-sm-6 col-12 video-surveillance\">\r\n                    <div class=\"grid-item-inner wow flipInY\">\r\n                                                    <div class=\"item--featured\">\r\n                                <a href=\"https:\/\/solutiontelecom.net\/index.php\/portfolio\/cameras\/\"><img decoding=\"async\" class=\"disable-lazy \" src=\"https:\/\/solutiontelecom.net\/wp-content\/uploads\/2022\/10\/cam1-600x589.jpg\" width=\"600\" height=\"589\" alt=\"cam1\" title=\"cam1\" \/><\/a>\r\n                                                                    <div class=\"item--category\">\r\n                                        <a href=\"https:\/\/solutiontelecom.net\/index.php\/portfolio-category\/video-surveillance\/\" rel=\"tag\">Vid\u00e9o Surveillance<\/a>                                    <\/div>\r\n                                                            <\/div>\r\n                                                \r\n                                                    <h3 class=\"item--title\"><a href=\"https:\/\/solutiontelecom.net\/index.php\/portfolio\/cameras\/\">Cameras<\/a><\/h3>\r\n                        \r\n                    <\/div>\r\n                <\/div>\r\n                            <div class=\"grid-item col-xl-3 col-lg-3 col-md-6 col-sm-6 col-12 securite-informatique\">\r\n                    <div class=\"grid-item-inner wow flipInY\">\r\n                                                    <div class=\"item--featured\">\r\n                                <a href=\"https:\/\/solutiontelecom.net\/index.php\/portfolio\/business-growth\/\"><img decoding=\"async\" class=\"disable-lazy \" src=\"https:\/\/solutiontelecom.net\/wp-content\/uploads\/2019\/12\/firewall.png\" width=\"400\" height=\"400\" alt=\"firewall\" title=\"firewall\" \/><\/a>\r\n                                                                    <div class=\"item--category\">\r\n                                        <a href=\"https:\/\/solutiontelecom.net\/index.php\/portfolio-category\/securite-informatique\/\" rel=\"tag\">S\u00e9curit\u00e9 Informatique<\/a>                                    <\/div>\r\n                                                            <\/div>\r\n                                                \r\n                                                    <h3 class=\"item--title\"><a href=\"https:\/\/solutiontelecom.net\/index.php\/portfolio\/business-growth\/\">Firewall<\/a><\/h3>\r\n                        \r\n                    <\/div>\r\n                <\/div>\r\n                            <div class=\"grid-item col-xl-3 col-lg-3 col-md-6 col-sm-6 col-12 securite-informatique\">\r\n                    <div class=\"grid-item-inner wow flipInY\">\r\n                                                    <div class=\"item--featured\">\r\n                                <a href=\"https:\/\/solutiontelecom.net\/index.php\/portfolio\/securite\/\"><img decoding=\"async\" class=\"disable-lazy \" src=\"https:\/\/solutiontelecom.net\/wp-content\/uploads\/2019\/11\/securite-600x589.jpg\" width=\"600\" height=\"589\" alt=\"securite\" title=\"securite\" \/><\/a>\r\n                                                                    <div class=\"item--category\">\r\n                                        <a href=\"https:\/\/solutiontelecom.net\/index.php\/portfolio-category\/securite-informatique\/\" rel=\"tag\">S\u00e9curit\u00e9 Informatique<\/a>                                    <\/div>\r\n                                                            <\/div>\r\n                                                \r\n                                                    <h3 class=\"item--title\"><a href=\"https:\/\/solutiontelecom.net\/index.php\/portfolio\/securite\/\">S\u00e9curit\u00e9<\/a><\/h3>\r\n                        \r\n                    <\/div>\r\n                <\/div>\r\n                            <div class=\"grid-item col-xl-3 col-lg-3 col-md-6 col-sm-6 col-12 solutions-gsm solutions-telecoms\">\r\n                    <div class=\"grid-item-inner wow flipInY\">\r\n                                                    <div class=\"item--featured\">\r\n                                <a href=\"https:\/\/solutiontelecom.net\/index.php\/portfolio\/chan-agency\/\"><img decoding=\"async\" class=\"disable-lazy \" src=\"https:\/\/solutiontelecom.net\/wp-content\/uploads\/2019\/11\/PtP-600x589.jpg\" width=\"600\" height=\"589\" alt=\"PtP\" title=\"PtP\" \/><\/a>\r\n                                                                    <div class=\"item--category\">\r\n                                        <a href=\"https:\/\/solutiontelecom.net\/index.php\/portfolio-category\/solutions-gsm\/\" rel=\"tag\">Solutions GSM<\/a> <a href=\"https:\/\/solutiontelecom.net\/index.php\/portfolio-category\/solutions-telecoms\/\" rel=\"tag\">Solutions T\u00e9l\u00e9coms<\/a>                                    <\/div>\r\n                                                            <\/div>\r\n                                                \r\n                                                    <h3 class=\"item--title\"><a href=\"https:\/\/solutiontelecom.net\/index.php\/portfolio\/chan-agency\/\">Produits wifi<\/a><\/h3>\r\n                        \r\n                    <\/div>\r\n                <\/div>\r\n                            <div class=\"grid-item col-xl-3 col-lg-3 col-md-6 col-sm-6 col-12 securite-electronique\">\r\n                    <div class=\"grid-item-inner wow flipInY\">\r\n                                                    <div class=\"item--featured\">\r\n                                <a href=\"https:\/\/solutiontelecom.net\/index.php\/portfolio\/data-analytics\/\"><img decoding=\"async\" class=\"disable-lazy \" src=\"https:\/\/solutiontelecom.net\/wp-content\/uploads\/2019\/11\/2223.jpg\" width=\"469\" height=\"372\" alt=\"2223\" title=\"2223\" \/><\/a>\r\n                                                                    <div class=\"item--category\">\r\n                                        <a href=\"https:\/\/solutiontelecom.net\/index.php\/portfolio-category\/securite-electronique\/\" rel=\"tag\">S\u00e9curit\u00e9 Electronique<\/a>                                    <\/div>\r\n                                                            <\/div>\r\n                                                \r\n                                                    <h3 class=\"item--title\"><a href=\"https:\/\/solutiontelecom.net\/index.php\/portfolio\/data-analytics\/\">Produits S\u00e9curit\u00e9<\/a><\/h3>\r\n                        \r\n                    <\/div>\r\n                <\/div>\r\n                                <div class=\"grid-sizer col-xl-3 col-lg-3 col-md-6 col-sm-6 col-12\"><\/div>\r\n            <\/div>\r\n        <\/div>\t\t<\/div>\n\t\t\t\t<\/div>\n\t\t            <\/div>\n        <\/div>\n                            <\/div>\n        <\/section>\n                <section class=\"elementor-section elementor-top-section elementor-element elementor-element-50dc1332 elementor-section-boxed elementor-section-height-default elementor-section-height-default ct-header-fixed-none\" data-id=\"50dc1332\" data-element_type=\"section\">\n            \n                        <div class=\"elementor-container elementor-column-gap-extended \">\n                    <div class=\"elementor-column elementor-col-100 elementor-top-column elementor-element elementor-element-7156578d\" data-id=\"7156578d\" data-element_type=\"column\">\n            <div class=\"elementor-widget-wrap elementor-element-populated\">\n                        \t\t<div class=\"elementor-element elementor-element-782c88ec elementor-widget elementor-widget-ct_clients_list\" data-id=\"782c88ec\" data-element_type=\"widget\" data-widget_type=\"ct_clients_list.default\">\n\t\t\t\t<div class=\"elementor-widget-container\">\n\t\t\t    <div class=\"ct-client1 ct-slick-slider style1\">\r\n        <div class=\"ct-clients-list-inner\">\r\n            <div class=\"ct-slick-carousel\" data-arrows=\"\" data-dots=\"\" data-pauseOnHover=\"\" data-autoplay=\"true\" data-autoplaySpeed=\"8000\" data-infinite=\"true\" data-speed=\"800\" data-colxs=\"2\" data-colsm=\"3\" data-colmd=\"4\" data-collg=\"4\" data-colxl=\"4\" data-dir=\"false\" data-slidesToScroll=\"1\">\r\n                                        <div class=\"slick-slide\">\r\n                            <div class=\"client-image wow zoomIn\">\r\n                                <a href=\"#\">\r\n                                    <img decoding=\"async\" width=\"169\" height=\"35\" src=\"https:\/\/solutiontelecom.net\/wp-content\/uploads\/2019\/11\/client-01.png\" class=\"ct-thumb-1 attachment-full\" alt=\"\" \/>                                                                    <\/a>\r\n                            <\/div>\r\n                        <\/div>\r\n                                                            <div class=\"slick-slide\">\r\n                            <div class=\"client-image wow zoomIn\">\r\n                                <a href=\"#\">\r\n                                    <img decoding=\"async\" width=\"143\" height=\"42\" src=\"https:\/\/solutiontelecom.net\/wp-content\/uploads\/2019\/11\/client-02.png\" class=\"ct-thumb-1 attachment-full\" alt=\"\" \/>                                                                    <\/a>\r\n                            <\/div>\r\n                        <\/div>\r\n                                                            <div class=\"slick-slide\">\r\n                            <div class=\"client-image wow zoomIn\">\r\n                                <a href=\"#\">\r\n                                    <img decoding=\"async\" width=\"166\" height=\"38\" src=\"https:\/\/solutiontelecom.net\/wp-content\/uploads\/2019\/11\/client-03.png\" class=\"ct-thumb-1 attachment-full\" alt=\"\" \/>                                                                    <\/a>\r\n                            <\/div>\r\n                        <\/div>\r\n                                                            <div class=\"slick-slide\">\r\n                            <div class=\"client-image wow zoomIn\">\r\n                                <a href=\"#\">\r\n                                    <img decoding=\"async\" width=\"170\" height=\"35\" src=\"https:\/\/solutiontelecom.net\/wp-content\/uploads\/2019\/11\/client-04.png\" class=\"ct-thumb-1 attachment-full\" alt=\"\" \/>                                                                    <\/a>\r\n                            <\/div>\r\n                        <\/div>\r\n                                                            <div class=\"slick-slide\">\r\n                            <div class=\"client-image wow zoomIn\">\r\n                                <a href=\"#\">\r\n                                    <img decoding=\"async\" width=\"196\" height=\"36\" src=\"https:\/\/solutiontelecom.net\/wp-content\/uploads\/2019\/12\/client-05.png\" class=\"ct-thumb-1 attachment-full\" alt=\"\" \/>                                                                    <\/a>\r\n                            <\/div>\r\n                        <\/div>\r\n                                                <\/div>\r\n        <\/div>\r\n    <\/div>\r\n\t\t<\/div>\n\t\t\t\t<\/div>\n\t\t            <\/div>\n        <\/div>\n                            <\/div>\n        <\/section>\n        \t\t\t\t\t<\/div>\n\t\t","protected":false},"excerpt":{"rendered":"<p>Nos produits Touts S\u00e9curit\u00e9 Electronique S\u00e9curit\u00e9 Informatique Solutions GSM Solutions T\u00e9l\u00e9coms Vid\u00e9o Surveillance Vid\u00e9o Surveillance Cameras S\u00e9curit\u00e9 Informatique Firewall S\u00e9curit\u00e9 Informatique S\u00e9curit\u00e9 Solutions GSM Solutions T\u00e9l\u00e9coms Produits wifi S\u00e9curit\u00e9 Electronique Data Analytics S\u00e9curit\u00e9 Informatique Court Imperial Solutions GSM Revenue Growth Solutions T\u00e9l\u00e9coms Market Expansion S\u00e9curit\u00e9 Electronique Financial Analysis Solutions T\u00e9l\u00e9coms Fund Management Solutions GSM Business [&hellip;]<\/p>\n","protected":false},"author":1,"featured_media":0,"parent":0,"menu_order":0,"comment_status":"closed","ping_status":"closed","template":"","meta":{"footnotes":""},"class_list":["post-415","page","type-page","status-publish","hentry"],"_links":{"self":[{"href":"https:\/\/solutiontelecom.net\/index.php\/wp-json\/wp\/v2\/pages\/415","targetHints":{"allow":["GET"]}}],"collection":[{"href":"https:\/\/solutiontelecom.net\/index.php\/wp-json\/wp\/v2\/pages"}],"about":[{"href":"https:\/\/solutiontelecom.net\/index.php\/wp-json\/wp\/v2\/types\/page"}],"author":[{"embeddable":true,"href":"https:\/\/solutiontelecom.net\/index.php\/wp-json\/wp\/v2\/users\/1"}],"replies":[{"embeddable":true,"href":"https:\/\/solutiontelecom.net\/index.php\/wp-json\/wp\/v2\/comments?post=415"}],"version-history":[{"count":22,"href":"https:\/\/solutiontelecom.net\/index.php\/wp-json\/wp\/v2\/pages\/415\/revisions"}],"predecessor-version":[{"id":5321,"href":"https:\/\/solutiontelecom.net\/index.php\/wp-json\/wp\/v2\/pages\/415\/revisions\/5321"}],"wp:attachment":[{"href":"https:\/\/solutiontelecom.net\/index.php\/wp-json\/wp\/v2\/media?parent=415"}],"curies":[{"name":"wp","href":"https:\/\/api.w.org\/{rel}","templated":true}]}}